{"id":83,"date":"2026-01-04T20:16:37","date_gmt":"2026-01-04T20:16:37","guid":{"rendered":"https:\/\/kkobs.ut.ee\/?page_id=83"},"modified":"2026-02-02T10:57:02","modified_gmt":"2026-02-02T10:57:02","slug":"kkobs-i-aastakonverents","status":"publish","type":"page","link":"https:\/\/kkobs.ut.ee\/index.php\/kkobs-aastakonverentsid\/kkobs-i-aastakonverents\/","title":{"rendered":"KKOBS I aastakonverents"},"content":{"rendered":"\n<p class=\"has-text-align-center has-accent-3-color has-text-color has-link-color has-large-font-size wp-elements-02fae11e75ae310f49e96e6a283e1b9e\"><mark style=\"background-color:rgba(0, 0, 0, 0);color:#d8613c\" class=\"has-inline-color\"><strong>\u00d5hk-Vesi-Maa seosed<\/strong><\/mark><\/p>\n\n\n\n<p><strong>Aeg: 3.-4. veebruar 2026<\/strong><\/p>\n\n\n\n<p><strong>Asukoht:<\/strong> K\u00e4\u00e4riku Spordikeskus<br>Aadress:<strong>&nbsp;<\/strong>K\u00e4\u00e4riku k\u00fcla, Valgamaa, Otep\u00e4\u00e4 vald, 67301 K\u00e4\u00e4riku, Eesti<\/p>\n\n\n\n<figure class=\"wp-block-image size-large\"><img loading=\"lazy\" decoding=\"async\" width=\"1024\" height=\"587\" src=\"https:\/\/kkobs.ut.ee\/wp-content\/uploads\/2026\/01\/IMG_6633_web-1024x587.jpg\" alt=\"\" class=\"wp-image-84\" srcset=\"https:\/\/kkobs.ut.ee\/wp-content\/uploads\/2026\/01\/IMG_6633_web-1024x587.jpg 1024w, https:\/\/kkobs.ut.ee\/wp-content\/uploads\/2026\/01\/IMG_6633_web-300x172.jpg 300w, https:\/\/kkobs.ut.ee\/wp-content\/uploads\/2026\/01\/IMG_6633_web-768x440.jpg 768w, https:\/\/kkobs.ut.ee\/wp-content\/uploads\/2026\/01\/IMG_6633_web-1536x881.jpg 1536w, https:\/\/kkobs.ut.ee\/wp-content\/uploads\/2026\/01\/IMG_6633_web-2048x1174.jpg 2048w\" sizes=\"auto, (max-width: 1024px) 100vw, 1024px\" \/><\/figure>\n\n\n\n<hr class=\"wp-block-separator has-alpha-channel-opacity\"\/>\n\n\n\n<p>Eesti keskkonnaobservatooriumi I aastakonverentsi <strong>fookuses<\/strong> on koost\u00f6\u00f6 taristu \u00fcksuste vahel, et tagada taristu pikaajaliste eesm\u00e4rkide saavutamine ja j\u00e4tkusuutlikkus. Kahep\u00e4evase konverentsi fookuses on t\u00f6\u00f6r\u00fchmade tegevuste ning prioriteetsete uurimissuundade tutvustamine ning teadusliku \u00fchisosa teemalised diskussioonid, et tugevdada KKObs toimimist ning m\u00f5ju \u00fchiskonnale.<\/p>\n\n\n\n<p>Konverentsil osalemine on eelneva registreerimisega. <\/p>\n\n\n\n<p>K\u00fcsimuste korral palun v\u00f5tke \u00fchendust korraldajatega: elis.vollmer@ut.ee <\/p>\n\n\n\n<hr class=\"wp-block-separator has-alpha-channel-opacity\"\/>\n\n\n\n<p class=\"has-accent-3-color has-text-color has-link-color has-large-font-size wp-elements-f72c74943dda54373717eb71740361e1\"><strong>Programm<\/strong><\/p>\n\n\n\n<p style=\"font-size:clamp(1.039rem, 1.039rem + ((1vw - 0.2rem) * 0.935), 1.6rem);\">Teisip\u00e4ev, 3.02.2026<\/p>\n\n\n\n<p><em>saabumine<\/em><br>12.30-13.30 Tervitusl\u00f5una<br>13.30 Avas\u00f5nad. Eesti Keskkonnaobservatooriumi juht Prof Maarja \u00d6pik<br><strong>13.30-15.00 I sessioon \u2013 \u00d5hk<\/strong><br> 13.30-13.50 Svyatoslav Rogozin \u201ePikaajalised CO2 voogude uuringud Soontaga uurimisjaamas\u201c<br> 13.50-14.10 Steffen M. Noe \u201eSMEAR jaam \u2013 Viimase dekaadi uuringud ja uued arendused\u201c <br> 14.10-14.30 Alisa Krasnova \u201eKauru soojaama gaasilised s\u00fcsiniku vood \u201c<br> 14.30-14.50 Heikki Junninen \u201eAerosoolid ja VOCid J\u00e4rvselja SMEAR jaamas\u201c<br> 14.50-15.10 Dmitrii Krasnov \u201cAtmospheric profiles of reactive trace gases\u201d<br> 15.10-15.30 Joonas Kollo \u201cMultiannual dynamic of forest growth and atmosphere\u201d<\/p>\n\n\n\n<p>15.30-16.00 kohvipaus<\/p>\n\n\n\n<p><strong>16.00-17.20 II sessioon \u2013 Vesi<\/strong><br> 16.00-16.20 Urmas Lips \u201eKeri jaam \u2013 mida m\u00f5\u00f5detakse, milleks andmeid kasutatakse ja vaade tulevikku (arendused ja koost\u00f6\u00f6)\u201c<br> 16.20-16.40 Alo Laas \u201eEesti j\u00e4rvede pidevseire eile, t\u00e4na ja homme\u201c<br> 16.40-17.00 Emil Kotta \u201eMerep\u00f5hjakoosluste muutumine ajas: vaatluste ja eksperimentide roll protsesside m\u00f5istmisel&#8221;<br>17.00-17.20 Artu Ellmann \u201cKeskkonnaobservatooriumi andmete \u00fclevaade ja kasutatavus \u00fchtses kaardirakenduses\u201d<\/p>\n\n\n\n<p><\/p>\n\n\n\n<p>19.00 \u00f5htus\u00f6\u00f6k<br>20.00-\u2026 saun<\/p>\n\n\n\n<p style=\"font-size:clamp(1.039rem, 1.039rem + ((1vw - 0.2rem) * 0.935), 1.6rem);\">Kolmap\u00e4ev, 4.02.2026<\/p>\n\n\n\n<p><strong>9.00-10.30 III sessioon \u2013 Maa<br><\/strong> 9.00-9.20 Priit Kupper \u201cMetsa\u00f6kos\u00fcsteemi \u00f5huniiskuse eksperimendi (FAHM) tutvustus: eesm\u00e4rk, disain, andmed\u201d<br> 9.20-9.40 Arne Sellin \u201cMida FAHM eksperiment on meile n\u00e4idanud?\u201d<br> 9.40-10.00 Maarja \u00d6pik \u201cLaelatu puisniidu uurimisjaama elurikkuseuuringud\u201d <br> 10.00-10.20 Anuj Thapa Magar \u201cUnsupervised learning and Cluster algorithms on flux data\u201d<\/p>\n\n\n\n<p>10.20-11.00 kohvipaus<\/p>\n\n\n\n<p><strong>11.00-12.30 IV sessioon \u2013 Seosed<\/strong><\/p>\n\n\n\n<p>T\u00f6\u00f6tuba\/ajur\u00fcnnak<\/p>\n\n\n\n<ul class=\"wp-block-list\">\n<li>mis v\u00f5iks olla v\u00f5imalikud \u00fchisuuringud, \u00fchis-teadusk\u00fcsimused<\/li>\n\n\n\n<li>Andmehaldus ja andmete visualiseerimine<\/li>\n\n\n\n<li>ICOS, ACTRIS, AnAEE, eLTER jt v\u00f5rgustikud. KKObs konsortsiumi v\u00f5imekus EL infrastruktuurides osaleda.<\/li>\n<\/ul>\n\n\n\n<p><\/p>\n\n\n\n<p>12.30 l\u00f5una<\/p>\n\n\n\n<p>13.30 \u00e4ras\u00f5it<\/p>\n","protected":false},"excerpt":{"rendered":"<p>\u00d5hk-Vesi-Maa seosed Aeg: 3.-4. veebruar 2026 Asukoht: K\u00e4\u00e4riku SpordikeskusAadress:&nbsp;K\u00e4\u00e4riku k\u00fcla, Valgamaa, Otep\u00e4\u00e4 vald, 67301 K\u00e4\u00e4riku, Eesti Eesti keskkonnaobservatooriumi I aastakonverentsi fookuses on koost\u00f6\u00f6 taristu \u00fcksuste vahel, et tagada taristu pikaajaliste eesm\u00e4rkide saavutamine ja j\u00e4tkusuutlikkus. Kahep\u00e4evase konverentsi fookuses on t\u00f6\u00f6r\u00fchmade tegevuste ning prioriteetsete uurimissuundade tutvustamine ning teadusliku \u00fchisosa teemalised diskussioonid, et tugevdada KKObs toimimist ning m\u00f5ju [&hellip;]<\/p>\n","protected":false},"author":1,"featured_media":0,"parent":80,"menu_order":0,"comment_status":"closed","ping_status":"closed","template":"","meta":{"footnotes":""},"class_list":["post-83","page","type-page","status-publish","hentry"],"_links":{"self":[{"href":"https:\/\/kkobs.ut.ee\/index.php\/wp-json\/wp\/v2\/pages\/83","targetHints":{"allow":["GET"]}}],"collection":[{"href":"https:\/\/kkobs.ut.ee\/index.php\/wp-json\/wp\/v2\/pages"}],"about":[{"href":"https:\/\/kkobs.ut.ee\/index.php\/wp-json\/wp\/v2\/types\/page"}],"author":[{"embeddable":true,"href":"https:\/\/kkobs.ut.ee\/index.php\/wp-json\/wp\/v2\/users\/1"}],"replies":[{"embeddable":true,"href":"https:\/\/kkobs.ut.ee\/index.php\/wp-json\/wp\/v2\/comments?post=83"}],"version-history":[{"count":9,"href":"https:\/\/kkobs.ut.ee\/index.php\/wp-json\/wp\/v2\/pages\/83\/revisions"}],"predecessor-version":[{"id":143,"href":"https:\/\/kkobs.ut.ee\/index.php\/wp-json\/wp\/v2\/pages\/83\/revisions\/143"}],"up":[{"embeddable":true,"href":"https:\/\/kkobs.ut.ee\/index.php\/wp-json\/wp\/v2\/pages\/80"}],"wp:attachment":[{"href":"https:\/\/kkobs.ut.ee\/index.php\/wp-json\/wp\/v2\/media?parent=83"}],"curies":[{"name":"wp","href":"https:\/\/api.w.org\/{rel}","templated":true}]}}