{"id":80,"date":"2026-01-04T19:18:19","date_gmt":"2026-01-04T19:18:19","guid":{"rendered":"https:\/\/kkobs.ut.ee\/?page_id=80"},"modified":"2026-01-04T19:18:19","modified_gmt":"2026-01-04T19:18:19","slug":"kkobs-aastakonverentsid","status":"publish","type":"page","link":"https:\/\/kkobs.ut.ee\/index.php\/kkobs-aastakonverentsid\/","title":{"rendered":"KKOBS aastakonverentsid"},"content":{"rendered":"\n<p>Eesti Keskkonnaobservatooriumis tehtavad pikaajalised m\u00f5\u00f5tmised on olulised mere, atmosf\u00e4\u00e4ri ja \u00f6kos\u00fcsteemi tervise m\u00f5istmiseks, paljastades mustreid ja muutusi, mida l\u00fchiajalised vaatlused ei suuda alati tabada. Pikaajalised ja mitmekesised andmekogumid v\u00f5imaldavad meil tuvastada j\u00e4rkj\u00e4rgulisi suundumusi, nagu merekeskkonna muutused, kasvuhoonegaaside kontsentratsiooni t\u00f5us v\u00f5i bioloogilise mitmekesisuse v\u00e4henemine. Samuti aitavad need eristada looduslikku varieeruvust \u2013 n\u00e4iteks hooajalisi ts\u00fckleid v\u00f5i n\u00e4htusi \u2013 inimtegevusest tingitud m\u00f5judest.<\/p>\n\n\n\n<p>Pikaaegne seire loob aluse keskkonnapoliitika t\u00f5hususe hindamiseks ja toetab tulevaste tingimuste t\u00e4pset prognoosimist. Lisaks v\u00f5ivad pikaajalised andmed olla varajase hoiatamise s\u00fcsteemiks, mis annab m\u00e4rku kriitilistest \u00f6kos\u00fcsteemi nihketest enne l\u00e4vede \u00fcletamist. Ilma pikaajaliste keskkonna m\u00f5\u00f5tmisteta riskime l\u00fchiajaliste andmete valesti t\u00f5lgendamisega ja meie elukeskkonna tervist kujundavate s\u00fcgavamate muutuste t\u00e4helepanuta j\u00e4tmisega.<\/p>\n\n\n\n<p>Eesti keskkonnaobservatooriumi tiim korraldab igal aastal aastakonverentsi, et arutada uusimate teadussaavutuste \u00fcle ning parandada diskussiooni teadlaskonna ja otsustajate vahel. <\/p>\n","protected":false},"excerpt":{"rendered":"<p>Eesti Keskkonnaobservatooriumis tehtavad pikaajalised m\u00f5\u00f5tmised on olulised mere, atmosf\u00e4\u00e4ri ja \u00f6kos\u00fcsteemi tervise m\u00f5istmiseks, paljastades mustreid ja muutusi, mida l\u00fchiajalised vaatlused ei suuda alati tabada. Pikaajalised ja mitmekesised andmekogumid v\u00f5imaldavad meil tuvastada j\u00e4rkj\u00e4rgulisi suundumusi, nagu merekeskkonna muutused, kasvuhoonegaaside kontsentratsiooni t\u00f5us v\u00f5i bioloogilise mitmekesisuse v\u00e4henemine. Samuti aitavad need eristada looduslikku varieeruvust \u2013 n\u00e4iteks hooajalisi ts\u00fckleid v\u00f5i n\u00e4htusi [&hellip;]<\/p>\n","protected":false},"author":1,"featured_media":18,"parent":0,"menu_order":0,"comment_status":"closed","ping_status":"closed","template":"","meta":{"footnotes":""},"class_list":["post-80","page","type-page","status-publish","has-post-thumbnail","hentry"],"_links":{"self":[{"href":"https:\/\/kkobs.ut.ee\/index.php\/wp-json\/wp\/v2\/pages\/80","targetHints":{"allow":["GET"]}}],"collection":[{"href":"https:\/\/kkobs.ut.ee\/index.php\/wp-json\/wp\/v2\/pages"}],"about":[{"href":"https:\/\/kkobs.ut.ee\/index.php\/wp-json\/wp\/v2\/types\/page"}],"author":[{"embeddable":true,"href":"https:\/\/kkobs.ut.ee\/index.php\/wp-json\/wp\/v2\/users\/1"}],"replies":[{"embeddable":true,"href":"https:\/\/kkobs.ut.ee\/index.php\/wp-json\/wp\/v2\/comments?post=80"}],"version-history":[{"count":1,"href":"https:\/\/kkobs.ut.ee\/index.php\/wp-json\/wp\/v2\/pages\/80\/revisions"}],"predecessor-version":[{"id":82,"href":"https:\/\/kkobs.ut.ee\/index.php\/wp-json\/wp\/v2\/pages\/80\/revisions\/82"}],"wp:featuredmedia":[{"embeddable":true,"href":"https:\/\/kkobs.ut.ee\/index.php\/wp-json\/wp\/v2\/media\/18"}],"wp:attachment":[{"href":"https:\/\/kkobs.ut.ee\/index.php\/wp-json\/wp\/v2\/media?parent=80"}],"curies":[{"name":"wp","href":"https:\/\/api.w.org\/{rel}","templated":true}]}}