{"id":64,"date":"2025-12-15T10:25:13","date_gmt":"2025-12-15T10:25:13","guid":{"rendered":"https:\/\/kkobs.ut.ee\/?page_id=64"},"modified":"2026-01-08T13:01:10","modified_gmt":"2026-01-08T13:01:10","slug":"uudised","status":"publish","type":"page","link":"https:\/\/kkobs.ut.ee\/index.php\/uudised\/","title":{"rendered":"Uudised"},"content":{"rendered":"\n<h2 class=\"wp-block-heading has-text-align-center is-style-default\" style=\"padding-top:var(--wp--preset--spacing--20);padding-bottom:var(--wp--preset--spacing--20)\"><strong><bdo lang=\"ee\" dir=\"ltr\">Uudised<\/bdo><\/strong><\/h2>\n\n\n\n<figure class=\"wp-block-image alignwide size-large has-custom-border\"><img loading=\"lazy\" decoding=\"async\" width=\"1024\" height=\"240\" src=\"https:\/\/kkobs.ut.ee\/wp-content\/uploads\/2025\/12\/IMG_1161_2600px_banner-1024x240.jpg\" alt=\"Landscape view of Estonia\" class=\"wp-image-68\" style=\"border-top-left-radius:0px;border-top-right-radius:0px;border-bottom-left-radius:0px;border-bottom-right-radius:0px\" srcset=\"https:\/\/kkobs.ut.ee\/wp-content\/uploads\/2025\/12\/IMG_1161_2600px_banner-1024x240.jpg 1024w, https:\/\/kkobs.ut.ee\/wp-content\/uploads\/2025\/12\/IMG_1161_2600px_banner-300x70.jpg 300w, https:\/\/kkobs.ut.ee\/wp-content\/uploads\/2025\/12\/IMG_1161_2600px_banner-768x180.jpg 768w, https:\/\/kkobs.ut.ee\/wp-content\/uploads\/2025\/12\/IMG_1161_2600px_banner-1536x360.jpg 1536w, https:\/\/kkobs.ut.ee\/wp-content\/uploads\/2025\/12\/IMG_1161_2600px_banner-2048x480.jpg 2048w\" sizes=\"auto, (max-width: 1024px) 100vw, 1024px\" \/><\/figure>\n\n\n\n<hr class=\"wp-block-separator has-alpha-channel-opacity\"\/>\n\n\n<ul style=\"padding-right:0;padding-left:0;padding-top:0;padding-bottom:0;margin-top:0;margin-bottom:0;\" class=\"wp-block-latest-posts__list has-link-color alignwide wp-elements-283787fa9bc59b87b15895c54cb59e00 wp-block-latest-posts has-text-color has-contrast-color\"><li><div class=\"wp-block-latest-posts__featured-image alignleft\"><img loading=\"lazy\" decoding=\"async\" width=\"225\" height=\"300\" src=\"https:\/\/kkobs.ut.ee\/wp-content\/uploads\/2026\/02\/WhatsApp-Image-2025-09-06-at-2.23.06-PM-225x300.jpeg\" class=\"attachment-medium size-medium wp-post-image\" alt=\"\" style=\"\" srcset=\"https:\/\/kkobs.ut.ee\/wp-content\/uploads\/2026\/02\/WhatsApp-Image-2025-09-06-at-2.23.06-PM-225x300.jpeg 225w, https:\/\/kkobs.ut.ee\/wp-content\/uploads\/2026\/02\/WhatsApp-Image-2025-09-06-at-2.23.06-PM-768x1024.jpeg 768w, https:\/\/kkobs.ut.ee\/wp-content\/uploads\/2026\/02\/WhatsApp-Image-2025-09-06-at-2.23.06-PM-1152x1536.jpeg 1152w, https:\/\/kkobs.ut.ee\/wp-content\/uploads\/2026\/02\/WhatsApp-Image-2025-09-06-at-2.23.06-PM.jpeg 1512w\" sizes=\"auto, (max-width: 225px) 100vw, 225px\" \/><\/div><a class=\"wp-block-latest-posts__post-title\" href=\"https:\/\/kkobs.ut.ee\/index.php\/2026\/02\/09\/eesti-keskkonnaobservatooriumi-juht-palvis-riikliku-teenetemargi\/\">Eesti Keskkonnaobservatooriumi juht p\u00e4lvis riikliku teenetem\u00e4rgi<\/a><div class=\"wp-block-latest-posts__post-excerpt\">President Alar Karis tunnustas Eesti Vabariigi aastap\u00e4eva eel riikliku teenetem\u00e4rgiga 203 silmapaistvat inimest, kelle seas on ka KKOBS juht Prof Maarja \u00d6pik. Akadeemik, \u00d6MI direktor ja molekulaarse \u00f6koloogia professor Maarja \u00d6pik p\u00e4lvis Eesti Vabariigi Valget\u00e4he III klassi teenetem\u00e4rgi. Prof. \u00d6pik\u2026 <a class=\"wp-block-latest-posts__read-more\" href=\"https:\/\/kkobs.ut.ee\/index.php\/2026\/02\/09\/eesti-keskkonnaobservatooriumi-juht-palvis-riikliku-teenetemargi\/\" rel=\"noopener noreferrer\">Read more<span class=\"screen-reader-text\">: Eesti Keskkonnaobservatooriumi juht p\u00e4lvis riikliku teenetem\u00e4rgi<\/span><\/a><\/div><\/li>\n<li><div class=\"wp-block-latest-posts__featured-image alignleft\"><img loading=\"lazy\" decoding=\"async\" width=\"300\" height=\"169\" src=\"https:\/\/kkobs.ut.ee\/wp-content\/uploads\/2026\/01\/akadeemikud2025-300x169.jpg\" class=\"attachment-medium size-medium wp-post-image\" alt=\"\" style=\"\" srcset=\"https:\/\/kkobs.ut.ee\/wp-content\/uploads\/2026\/01\/akadeemikud2025-300x169.jpg 300w, https:\/\/kkobs.ut.ee\/wp-content\/uploads\/2026\/01\/akadeemikud2025-1024x576.jpg 1024w, https:\/\/kkobs.ut.ee\/wp-content\/uploads\/2026\/01\/akadeemikud2025-768x432.jpg 768w, https:\/\/kkobs.ut.ee\/wp-content\/uploads\/2026\/01\/akadeemikud2025.jpg 1366w\" sizes=\"auto, (max-width: 300px) 100vw, 300px\" \/><\/div><a class=\"wp-block-latest-posts__post-title\" href=\"https:\/\/kkobs.ut.ee\/index.php\/2025\/12\/10\/eesti-keskkonnaobservatooriumi-teadlased-valiti-akadeemikuteks\/\">Eesti Keskkonnaobservatooriumi teadlased valiti akadeemikuteks<\/a><div class=\"wp-block-latest-posts__post-excerpt\">3. detsembril 2025 toimunud Eesti Teaduste Akadeemia \u00fcldkogu istungil valiti akadeemikuks mitmeid silmapaistvaid teadlasi, nende seas ka kaks Eesti Keskkonnaobservatooriumiga seotud professorit: Prof. Maarja \u00d6pik mullateaduse valdkonnas, ning Prof. Heikki Junninen f\u00fc\u00fcsika valdkonnas. Maarja \u00d6pik on Tartu \u00dclikooli \u00f6koloogia ja\u2026 <a class=\"wp-block-latest-posts__read-more\" href=\"https:\/\/kkobs.ut.ee\/index.php\/2025\/12\/10\/eesti-keskkonnaobservatooriumi-teadlased-valiti-akadeemikuteks\/\" rel=\"noopener noreferrer\">Read more<span class=\"screen-reader-text\">: Eesti Keskkonnaobservatooriumi teadlased valiti akadeemikuteks<\/span><\/a><\/div><\/li>\n<li><div class=\"wp-block-latest-posts__featured-image alignleft\"><img loading=\"lazy\" decoding=\"async\" width=\"300\" height=\"169\" src=\"https:\/\/kkobs.ut.ee\/wp-content\/uploads\/2026\/01\/smear10_uudis-300x169.jpg\" class=\"attachment-medium size-medium wp-post-image\" alt=\"\" style=\"\" srcset=\"https:\/\/kkobs.ut.ee\/wp-content\/uploads\/2026\/01\/smear10_uudis-300x169.jpg 300w, https:\/\/kkobs.ut.ee\/wp-content\/uploads\/2026\/01\/smear10_uudis-1024x576.jpg 1024w, https:\/\/kkobs.ut.ee\/wp-content\/uploads\/2026\/01\/smear10_uudis-768x432.jpg 768w, https:\/\/kkobs.ut.ee\/wp-content\/uploads\/2026\/01\/smear10_uudis-1536x864.jpg 1536w, https:\/\/kkobs.ut.ee\/wp-content\/uploads\/2026\/01\/smear10_uudis.jpg 1920w\" sizes=\"auto, (max-width: 300px) 100vw, 300px\" \/><\/div><a class=\"wp-block-latest-posts__post-title\" href=\"https:\/\/kkobs.ut.ee\/index.php\/2025\/10\/03\/kumme-aastat-metsa-ja-atmosfaari-vastastikmojude-uurimist-jarvselja-smear-jaamas\/\">K\u00fcmme aastat metsa ja atmosf\u00e4\u00e4ri vastastikm\u00f5jude uurimist J\u00e4rvselja SMEAR jaamas<\/a><div class=\"wp-block-latest-posts__post-excerpt\">J\u00e4rvselja \u00d5ppe- ja Katsemetskonnas asuv SMEAR (Station for Measuring Ecosystem-Atmosphere Relations) Eesti m\u00f5\u00f5tmisjaam t\u00e4histas septembris 2025 oma k\u00fcmnendat tegutsemisaastat. M\u00f5\u00f5tmisjaam on avanud v\u00f5imaluse n\u00e4ha n\u00e4htamatute osakeste maailma, aidates teadlastel paremini m\u00f5ista, kuidas metsa\u00f6kos\u00fcsteem ja atmosf\u00e4\u00e4r teineteist m\u00f5jutavad. Projekt sai alguse\u2026 <a class=\"wp-block-latest-posts__read-more\" href=\"https:\/\/kkobs.ut.ee\/index.php\/2025\/10\/03\/kumme-aastat-metsa-ja-atmosfaari-vastastikmojude-uurimist-jarvselja-smear-jaamas\/\" rel=\"noopener noreferrer\">Read more<span class=\"screen-reader-text\">: K\u00fcmme aastat metsa ja atmosf\u00e4\u00e4ri vastastikm\u00f5jude uurimist J\u00e4rvselja SMEAR jaamas<\/span><\/a><\/div><\/li>\n<li><a class=\"wp-block-latest-posts__post-title\" href=\"https:\/\/kkobs.ut.ee\/index.php\/2025\/08\/29\/hello-world\/\">Eesti Keskkonnaobservatoorium 2025-2029<\/a><div class=\"wp-block-latest-posts__post-excerpt\">Eesti Keskkonnaobservatoorium on teadusasutuste \u00fchisprojekt, mis arendab keskkonnauuringute katsejaamade v\u00f5rgustikku, \u00fchendades atmosf\u00e4\u00e4ri- ja kliima-, bioloogilise mitmekesisuse ning merekeskkonna ja sisevete uuringuid. Eesti keskkonnaobservatooriumi projekti rahastab Eesti riik ning projekti elluviimise periood on 01.01.2025 kuni 31.12.2029. Projekti \u201eEesti Keskkonnaobservatoorium\u201c abik\u00f5lbulik maksumus\u2026 <a class=\"wp-block-latest-posts__read-more\" href=\"https:\/\/kkobs.ut.ee\/index.php\/2025\/08\/29\/hello-world\/\" rel=\"noopener noreferrer\">Read more<span class=\"screen-reader-text\">: Eesti Keskkonnaobservatoorium 2025-2029<\/span><\/a><\/div><\/li>\n<\/ul>\n\n\n<div class=\"wp-block-group is-layout-grid wp-container-core-group-is-layout-478b6e6b wp-block-group-is-layout-grid\">\n\n<\/div>\n","protected":false},"excerpt":{"rendered":"<p>Uudised<\/p>\n","protected":false},"author":1,"featured_media":0,"parent":0,"menu_order":0,"comment_status":"closed","ping_status":"closed","template":"page-no-title","meta":{"footnotes":""},"class_list":["post-64","page","type-page","status-publish","hentry"],"_links":{"self":[{"href":"https:\/\/kkobs.ut.ee\/index.php\/wp-json\/wp\/v2\/pages\/64","targetHints":{"allow":["GET"]}}],"collection":[{"href":"https:\/\/kkobs.ut.ee\/index.php\/wp-json\/wp\/v2\/pages"}],"about":[{"href":"https:\/\/kkobs.ut.ee\/index.php\/wp-json\/wp\/v2\/types\/page"}],"author":[{"embeddable":true,"href":"https:\/\/kkobs.ut.ee\/index.php\/wp-json\/wp\/v2\/users\/1"}],"replies":[{"embeddable":true,"href":"https:\/\/kkobs.ut.ee\/index.php\/wp-json\/wp\/v2\/comments?post=64"}],"version-history":[{"count":5,"href":"https:\/\/kkobs.ut.ee\/index.php\/wp-json\/wp\/v2\/pages\/64\/revisions"}],"predecessor-version":[{"id":136,"href":"https:\/\/kkobs.ut.ee\/index.php\/wp-json\/wp\/v2\/pages\/64\/revisions\/136"}],"wp:attachment":[{"href":"https:\/\/kkobs.ut.ee\/index.php\/wp-json\/wp\/v2\/media?parent=64"}],"curies":[{"name":"wp","href":"https:\/\/api.w.org\/{rel}","templated":true}]}}