{"id":2,"date":"2025-08-29T14:13:20","date_gmt":"2025-08-29T14:13:20","guid":{"rendered":"https:\/\/kkobs.ut.ee\/?page_id=2"},"modified":"2026-01-08T12:31:40","modified_gmt":"2026-01-08T12:31:40","slug":"meist","status":"publish","type":"page","link":"https:\/\/kkobs.ut.ee\/index.php\/meist\/","title":{"rendered":"Meist"},"content":{"rendered":"\n<p class=\"is-style-text-display\">Eesti Keskkonnaobservatoorium on teadusasutuste \u00fchisprojekt, mis arendab keskkonnauuringute katsejaamade v\u00f5rgustikku, \u00fchendades atmosf\u00e4\u00e4ri- ja kliima-, bioloogilise mitmekesisuse ning merekeskkonna ja sisevete uuringuid.<\/p>\n\n\n\n<p class=\"is-style-default\">Keskkonnaobservatoorium koosneb geograafiliselt ja klimaatiliselt seotud v\u00e4lilaborite ja automaatjaamade v\u00f5rgustikust, mida toetavad geomaatika ja geoinformaatika teaduslaborid ruumiandmete kogumisel, t\u00f6\u00f6tlemisel, anal\u00fc\u00fcsil ja visualiseerimisel. Taristu edendab koost\u00f6\u00f6d, j\u00e4tkusuutlikkust, teavitab \u00fchiskonda ja tugevdab \u00f6koloogilist kirjaoskust.&nbsp;&nbsp;<\/p>\n\n\n\n<p class=\"is-style-default\">Uurimist\u00f6\u00f6d toimuvad J\u00e4rvselja m\u00f5\u00f5tmis- ja katsejaamade klastris, sh SMEAR jaam atmosf\u00e4\u00e4ri-biosf\u00e4\u00e4ri vastasm\u00f5ju uuringuteks ja R\u00f5ka FAHM katse metsa\u00f6kos\u00fcsteemi niiskusega manipuleerimiseks; Soontaga metsa\u00f6kos\u00fcsteemi ja Kauru soo\u00f6kos\u00fcsteemi m\u00f5\u00f5tejaamas; Tartu ja Tahkuse \u00f5huseirejaamas; mobiilsetes kasvuhoonegaaside ja aineringete uurimisjaamades; Soome lahe mereuuringute p\u00fcsijaamas, K\u00f5iguste v\u00e4libaasis ja mobiilsetes mereuurimisjaamades; Laelatu v\u00e4libaasis; V\u00f5rtsj\u00e4rve limnoloogiakeskuses. Ning neid toetavad meie geomaatika ja geoinformaatika teadusr\u00fchmad.<\/p>\n\n\n\n<div class=\"wp-block-columns is-layout-flex wp-container-core-columns-is-layout-28f84493 wp-block-columns-is-layout-flex\">\n<div class=\"wp-block-column is-layout-flow wp-block-column-is-layout-flow\">\n<div class=\"wp-block-columns is-layout-flex wp-container-core-columns-is-layout-28f84493 wp-block-columns-is-layout-flex\">\n<div class=\"wp-block-column is-layout-flow wp-block-column-is-layout-flow\">\n<figure class=\"wp-block-image size-full\"><img loading=\"lazy\" decoding=\"async\" width=\"900\" height=\"300\" src=\"https:\/\/kkobs.ut.ee\/wp-content\/uploads\/2025\/09\/kompaktlogo_est_sinine_900px.png\" alt=\"Tartu \u00fclikooli logo\" class=\"wp-image-46\" srcset=\"https:\/\/kkobs.ut.ee\/wp-content\/uploads\/2025\/09\/kompaktlogo_est_sinine_900px.png 900w, https:\/\/kkobs.ut.ee\/wp-content\/uploads\/2025\/09\/kompaktlogo_est_sinine_900px-300x100.png 300w, https:\/\/kkobs.ut.ee\/wp-content\/uploads\/2025\/09\/kompaktlogo_est_sinine_900px-768x256.png 768w\" sizes=\"auto, (max-width: 900px) 100vw, 900px\" \/><\/figure>\n<\/div>\n<\/div>\n<\/div>\n\n\n\n<div class=\"wp-block-column is-layout-flow wp-block-column-is-layout-flow\">\n<figure class=\"wp-block-image size-large\"><img loading=\"lazy\" decoding=\"async\" width=\"1024\" height=\"307\" src=\"https:\/\/kkobs.ut.ee\/wp-content\/uploads\/2025\/09\/EMY_LOGO_HOR_RGB_EST_ROHELINE-1024x307.png\" alt=\"EM\u00dc logo\" class=\"wp-image-44\" srcset=\"https:\/\/kkobs.ut.ee\/wp-content\/uploads\/2025\/09\/EMY_LOGO_HOR_RGB_EST_ROHELINE-1024x307.png 1024w, https:\/\/kkobs.ut.ee\/wp-content\/uploads\/2025\/09\/EMY_LOGO_HOR_RGB_EST_ROHELINE-300x90.png 300w, https:\/\/kkobs.ut.ee\/wp-content\/uploads\/2025\/09\/EMY_LOGO_HOR_RGB_EST_ROHELINE-768x230.png 768w, https:\/\/kkobs.ut.ee\/wp-content\/uploads\/2025\/09\/EMY_LOGO_HOR_RGB_EST_ROHELINE-1536x460.png 1536w, https:\/\/kkobs.ut.ee\/wp-content\/uploads\/2025\/09\/EMY_LOGO_HOR_RGB_EST_ROHELINE.png 2028w\" sizes=\"auto, (max-width: 1024px) 100vw, 1024px\" \/><\/figure>\n<\/div>\n\n\n\n<div class=\"wp-block-column is-layout-flow wp-block-column-is-layout-flow\">\n<figure class=\"wp-block-image size-full\"><img loading=\"lazy\" decoding=\"async\" width=\"800\" height=\"355\" src=\"https:\/\/kkobs.ut.ee\/wp-content\/uploads\/2025\/09\/TalTech_Logo_800px.png\" alt=\"\" class=\"wp-image-48\" srcset=\"https:\/\/kkobs.ut.ee\/wp-content\/uploads\/2025\/09\/TalTech_Logo_800px.png 800w, https:\/\/kkobs.ut.ee\/wp-content\/uploads\/2025\/09\/TalTech_Logo_800px-300x133.png 300w, https:\/\/kkobs.ut.ee\/wp-content\/uploads\/2025\/09\/TalTech_Logo_800px-768x341.png 768w\" sizes=\"auto, (max-width: 800px) 100vw, 800px\" \/><\/figure>\n<\/div>\n<\/div>\n\n\n\n<figure class=\"wp-block-image size-large\"><img loading=\"lazy\" decoding=\"async\" width=\"1024\" height=\"702\" src=\"https:\/\/kkobs.ut.ee\/wp-content\/uploads\/2026\/01\/KKOBS-map_names_1200px-1024x702.jpg\" alt=\"\" class=\"wp-image-132\" srcset=\"https:\/\/kkobs.ut.ee\/wp-content\/uploads\/2026\/01\/KKOBS-map_names_1200px-1024x702.jpg 1024w, https:\/\/kkobs.ut.ee\/wp-content\/uploads\/2026\/01\/KKOBS-map_names_1200px-300x206.jpg 300w, https:\/\/kkobs.ut.ee\/wp-content\/uploads\/2026\/01\/KKOBS-map_names_1200px-768x527.jpg 768w, https:\/\/kkobs.ut.ee\/wp-content\/uploads\/2026\/01\/KKOBS-map_names_1200px.jpg 1200w\" sizes=\"auto, (max-width: 1024px) 100vw, 1024px\" \/><\/figure>\n","protected":false},"excerpt":{"rendered":"<p>Eesti Keskkonnaobservatoorium on teadusasutuste \u00fchisprojekt, mis arendab keskkonnauuringute katsejaamade v\u00f5rgustikku, \u00fchendades atmosf\u00e4\u00e4ri- ja kliima-, bioloogilise mitmekesisuse ning merekeskkonna ja sisevete uuringuid. Keskkonnaobservatoorium koosneb geograafiliselt ja klimaatiliselt seotud v\u00e4lilaborite ja automaatjaamade v\u00f5rgustikust, mida toetavad geomaatika ja geoinformaatika teaduslaborid ruumiandmete kogumisel, t\u00f6\u00f6tlemisel, anal\u00fc\u00fcsil ja visualiseerimisel. Taristu edendab koost\u00f6\u00f6d, j\u00e4tkusuutlikkust, teavitab \u00fchiskonda ja tugevdab \u00f6koloogilist kirjaoskust.&nbsp;&nbsp; Uurimist\u00f6\u00f6d toimuvad [&hellip;]<\/p>\n","protected":false},"author":1,"featured_media":10,"parent":0,"menu_order":0,"comment_status":"closed","ping_status":"closed","template":"page-wide","meta":{"footnotes":""},"class_list":["post-2","page","type-page","status-publish","has-post-thumbnail","hentry"],"_links":{"self":[{"href":"https:\/\/kkobs.ut.ee\/index.php\/wp-json\/wp\/v2\/pages\/2","targetHints":{"allow":["GET"]}}],"collection":[{"href":"https:\/\/kkobs.ut.ee\/index.php\/wp-json\/wp\/v2\/pages"}],"about":[{"href":"https:\/\/kkobs.ut.ee\/index.php\/wp-json\/wp\/v2\/types\/page"}],"author":[{"embeddable":true,"href":"https:\/\/kkobs.ut.ee\/index.php\/wp-json\/wp\/v2\/users\/1"}],"replies":[{"embeddable":true,"href":"https:\/\/kkobs.ut.ee\/index.php\/wp-json\/wp\/v2\/comments?post=2"}],"version-history":[{"count":9,"href":"https:\/\/kkobs.ut.ee\/index.php\/wp-json\/wp\/v2\/pages\/2\/revisions"}],"predecessor-version":[{"id":134,"href":"https:\/\/kkobs.ut.ee\/index.php\/wp-json\/wp\/v2\/pages\/2\/revisions\/134"}],"wp:featuredmedia":[{"embeddable":true,"href":"https:\/\/kkobs.ut.ee\/index.php\/wp-json\/wp\/v2\/media\/10"}],"wp:attachment":[{"href":"https:\/\/kkobs.ut.ee\/index.php\/wp-json\/wp\/v2\/media?parent=2"}],"curies":[{"name":"wp","href":"https:\/\/api.w.org\/{rel}","templated":true}]}}